{"id":4795,"date":"2018-05-31T13:02:05","date_gmt":"2018-05-31T13:02:05","guid":{"rendered":"https:\/\/belfis.rs\/?page_id=4795"},"modified":"2018-07-03T22:13:53","modified_gmt":"2018-07-03T22:13:53","slug":"workshops","status":"publish","type":"page","link":"https:\/\/belfis.rs\/de\/workshops\/","title":{"rendered":"Workshops"},"content":{"rendered":"<p>[et_pb_section fb_built=&#8220;1&#8243; _builder_version=&#8220;3.0.47&#8243;][et_pb_row _builder_version=&#8220;3.0.47&#8243; background_size=&#8220;initial&#8220; background_position=&#8220;top_left&#8220; background_repeat=&#8220;repeat&#8220;][et_pb_column type=&#8220;4_4&#8243; _builder_version=&#8220;3.0.47&#8243; parallax=&#8220;off&#8220; parallax_method=&#8220;on&#8220;][et_pb_blurb title=&#8220;Workshops&#8220; _builder_version=&#8220;3.0.93&#8243; header_font=&#8220;|700||on|||||&#8220; header_text_align=&#8220;center&#8220; header_font_size=&#8220;25px&#8220; custom_margin=&#8220;||0px|&#8220; custom_padding=&#8220;||0px|&#8220;][\/et_pb_blurb][et_pb_image src=&#8220;https:\/\/belfis.rs\/wp-content\/uploads\/2018\/07\/1200&#215;450-Workshops.jpg&#8220; _builder_version=&#8220;3.0.93&#8243;][\/et_pb_image][\/et_pb_column][\/et_pb_row][et_pb_row _builder_version=&#8220;3.0.93&#8243;][et_pb_column type=&#8220;4_4&#8243; _builder_version=&#8220;3.0.47&#8243; parallax=&#8220;off&#8220; parallax_method=&#8220;on&#8220;][et_pb_text _builder_version=&#8220;3.0.93&#8243;]<\/p>\n<p style=\"text-align: justify;\">St\u00e4ndige Verbesserung ist eine Voraussetzung f\u00fcr den beruflichen Aufstieg. F\u00fcr alle Trainer und Ausbilder gibt es ein \u00e4u\u00dferst reichhaltiges Programm an Workshops, in denen sie sich mit neuen vertraut machen und neue Kenntnisse erwerben oder vorhandene Kenntnisse und F\u00e4higkeiten verbessern k\u00f6nnen. Alle Bereiche der Fitness werden vertreten sein: Gruppen-Aerobic-Programme, Funktionstraining, Pilates, Personal Training, Ern\u00e4hrung &#8230;<\/p>\n<p>[\/et_pb_text][\/et_pb_column][\/et_pb_row][\/et_pb_section]<\/p>\n","protected":false},"excerpt":{"rendered":"<p>[et_pb_section fb_built=&#8220;1&#8243; _builder_version=&#8220;3.0.47&#8243;][et_pb_row _builder_version=&#8220;3.0.47&#8243; background_size=&#8220;initial&#8220; background_position=&#8220;top_left&#8220; background_repeat=&#8220;repeat&#8220;][et_pb_column type=&#8220;4_4&#8243; _builder_version=&#8220;3.0.47&#8243; parallax=&#8220;off&#8220; parallax_method=&#8220;on&#8220;][et_pb_blurb title=&#8220;Workshops&#8220; _builder_version=&#8220;3.0.93&#8243; header_font=&#8220;|700||on|||||&#8220; header_text_align=&#8220;center&#8220; header_font_size=&#8220;25px&#8220; custom_margin=&#8220;||0px|&#8220; custom_padding=&#8220;||0px|&#8220;][\/et_pb_blurb][et_pb_image src=&#8220;https:\/\/belfis.rs\/wp-content\/uploads\/2018\/07\/1200&#215;450-Workshops.jpg&#8220; _builder_version=&#8220;3.0.93&#8243;][\/et_pb_image][\/et_pb_column][\/et_pb_row][et_pb_row _builder_version=&#8220;3.0.93&#8243;][et_pb_column type=&#8220;4_4&#8243; _builder_version=&#8220;3.0.47&#8243; parallax=&#8220;off&#8220; parallax_method=&#8220;on&#8220;][et_pb_text _builder_version=&#8220;3.0.93&#8243;] St\u00e4ndige Verbesserung ist eine Voraussetzung f\u00fcr den beruflichen Aufstieg. F\u00fcr alle Trainer und Ausbilder gibt es ein \u00e4u\u00dferst reichhaltiges Programm an Workshops, in denen sie sich mit neuen vertraut [&hellip;]<\/p>\n","protected":false},"author":1,"featured_media":5933,"parent":0,"menu_order":0,"comment_status":"closed","ping_status":"closed","template":"","meta":[],"yoast_head":"<!-- This site is optimized with the Yoast SEO plugin v19.8 - https:\/\/yoast.com\/wordpress\/plugins\/seo\/ -->\n<title>Workshops - Belfis 2024<\/title>\n<meta name=\"description\" content=\"BELFIS 2019 - Najvec\u0301i regionalni sajam fitnesa, velnesa i zdravlje \u2013 petak, subota, nedelja \u2013 4, 5, 6. oktobar 2019. godine \u2013 hala 3 Beogradskog sajma\" \/>\n<meta name=\"robots\" content=\"index, follow, max-snippet:-1, max-image-preview:large, max-video-preview:-1\" \/>\n<link rel=\"canonical\" href=\"https:\/\/belfis.rs\/de\/workshops\/\" \/>\n<meta property=\"og:locale\" content=\"en_US\" \/>\n<meta property=\"og:type\" content=\"article\" \/>\n<meta property=\"og:title\" content=\"Workshops - Belfis 2024\" \/>\n<meta property=\"og:description\" content=\"BELFIS 2019 - Najvec\u0301i regionalni sajam fitnesa, velnesa i zdravlje \u2013 petak, subota, nedelja \u2013 4, 5, 6. oktobar 2019. godine \u2013 hala 3 Beogradskog sajma\" \/>\n<meta property=\"og:url\" content=\"https:\/\/belfis.rs\/de\/workshops\/\" \/>\n<meta property=\"og:site_name\" content=\"Belfis 2024\" \/>\n<meta property=\"article:publisher\" content=\"https:\/\/www.facebook.com\/belfis2017\" \/>\n<meta property=\"article:modified_time\" content=\"2018-07-03T22:13:53+00:00\" \/>\n<meta name=\"twitter:card\" content=\"summary_large_image\" \/>\n<meta name=\"twitter:label1\" content=\"Gesch\u00e4tzte Lesezeit\" \/>\n\t<meta name=\"twitter:data1\" content=\"1 Minute\" \/>\n<script type=\"application\/ld+json\" class=\"yoast-schema-graph\">{\"@context\":\"https:\/\/schema.org\",\"@graph\":[{\"@type\":\"WebPage\",\"@id\":\"https:\/\/belfis.rs\/de\/workshops\/\",\"url\":\"https:\/\/belfis.rs\/de\/workshops\/\",\"name\":\"Workshops - Belfis 2024\",\"isPartOf\":{\"@id\":\"https:\/\/belfis.rs\/#website\"},\"datePublished\":\"2018-05-31T13:02:05+00:00\",\"dateModified\":\"2018-07-03T22:13:53+00:00\",\"description\":\"BELFIS 2019 - Najvec\u0301i regionalni sajam fitnesa, velnesa i zdravlje \u2013 petak, subota, nedelja \u2013 4, 5, 6. oktobar 2019. godine \u2013 hala 3 Beogradskog sajma\",\"breadcrumb\":{\"@id\":\"https:\/\/belfis.rs\/de\/workshops\/#breadcrumb\"},\"inLanguage\":\"de-DE\",\"potentialAction\":[{\"@type\":\"ReadAction\",\"target\":[\"https:\/\/belfis.rs\/de\/workshops\/\"]}]},{\"@type\":\"BreadcrumbList\",\"@id\":\"https:\/\/belfis.rs\/de\/workshops\/#breadcrumb\",\"itemListElement\":[{\"@type\":\"ListItem\",\"position\":1,\"name\":\"Home\",\"item\":\"https:\/\/belfis.rs\/de\/\"},{\"@type\":\"ListItem\",\"position\":2,\"name\":\"Workshops\"}]},{\"@type\":\"WebSite\",\"@id\":\"https:\/\/belfis.rs\/#website\",\"url\":\"https:\/\/belfis.rs\/\",\"name\":\"Belfis 2024\",\"description\":\"Fitness Congress\",\"potentialAction\":[{\"@type\":\"SearchAction\",\"target\":{\"@type\":\"EntryPoint\",\"urlTemplate\":\"https:\/\/belfis.rs\/?s={search_term_string}\"},\"query-input\":\"required name=search_term_string\"}],\"inLanguage\":\"de-DE\"}]}<\/script>\n<!-- \/ Yoast SEO plugin. -->","yoast_head_json":{"title":"Workshops - Belfis 2024","description":"BELFIS 2019 - Najvec\u0301i regionalni sajam fitnesa, velnesa i zdravlje \u2013 petak, subota, nedelja \u2013 4, 5, 6. oktobar 2019. godine \u2013 hala 3 Beogradskog sajma","robots":{"index":"index","follow":"follow","max-snippet":"max-snippet:-1","max-image-preview":"max-image-preview:large","max-video-preview":"max-video-preview:-1"},"canonical":"https:\/\/belfis.rs\/de\/workshops\/","og_locale":"en_US","og_type":"article","og_title":"Workshops - Belfis 2024","og_description":"BELFIS 2019 - Najvec\u0301i regionalni sajam fitnesa, velnesa i zdravlje \u2013 petak, subota, nedelja \u2013 4, 5, 6. oktobar 2019. godine \u2013 hala 3 Beogradskog sajma","og_url":"https:\/\/belfis.rs\/de\/workshops\/","og_site_name":"Belfis 2024","article_publisher":"https:\/\/www.facebook.com\/belfis2017","article_modified_time":"2018-07-03T22:13:53+00:00","twitter_card":"summary_large_image","twitter_misc":{"Gesch\u00e4tzte Lesezeit":"1 Minute"},"schema":{"@context":"https:\/\/schema.org","@graph":[{"@type":"WebPage","@id":"https:\/\/belfis.rs\/de\/workshops\/","url":"https:\/\/belfis.rs\/de\/workshops\/","name":"Workshops - Belfis 2024","isPartOf":{"@id":"https:\/\/belfis.rs\/#website"},"datePublished":"2018-05-31T13:02:05+00:00","dateModified":"2018-07-03T22:13:53+00:00","description":"BELFIS 2019 - Najvec\u0301i regionalni sajam fitnesa, velnesa i zdravlje \u2013 petak, subota, nedelja \u2013 4, 5, 6. oktobar 2019. godine \u2013 hala 3 Beogradskog sajma","breadcrumb":{"@id":"https:\/\/belfis.rs\/de\/workshops\/#breadcrumb"},"inLanguage":"de-DE","potentialAction":[{"@type":"ReadAction","target":["https:\/\/belfis.rs\/de\/workshops\/"]}]},{"@type":"BreadcrumbList","@id":"https:\/\/belfis.rs\/de\/workshops\/#breadcrumb","itemListElement":[{"@type":"ListItem","position":1,"name":"Home","item":"https:\/\/belfis.rs\/de\/"},{"@type":"ListItem","position":2,"name":"Workshops"}]},{"@type":"WebSite","@id":"https:\/\/belfis.rs\/#website","url":"https:\/\/belfis.rs\/","name":"Belfis 2024","description":"Fitness Congress","potentialAction":[{"@type":"SearchAction","target":{"@type":"EntryPoint","urlTemplate":"https:\/\/belfis.rs\/?s={search_term_string}"},"query-input":"required name=search_term_string"}],"inLanguage":"de-DE"}]}},"_links":{"self":[{"href":"https:\/\/belfis.rs\/de\/wp-json\/wp\/v2\/pages\/4795\/"}],"collection":[{"href":"https:\/\/belfis.rs\/de\/wp-json\/wp\/v2\/pages\/"}],"about":[{"href":"https:\/\/belfis.rs\/de\/wp-json\/wp\/v2\/types\/page\/"}],"author":[{"embeddable":true,"href":"https:\/\/belfis.rs\/de\/wp-json\/wp\/v2\/users\/1\/"}],"replies":[{"embeddable":true,"href":"https:\/\/belfis.rs\/de\/wp-json\/wp\/v2\/comments\/?post=4795"}],"version-history":[{"count":4,"href":"https:\/\/belfis.rs\/de\/wp-json\/wp\/v2\/pages\/4795\/revisions\/"}],"predecessor-version":[{"id":4917,"href":"https:\/\/belfis.rs\/de\/wp-json\/wp\/v2\/pages\/4795\/revisions\/4917\/"}],"wp:featuredmedia":[{"embeddable":true,"href":"https:\/\/belfis.rs\/de\/wp-json\/wp\/v2\/media\/5933\/"}],"wp:attachment":[{"href":"https:\/\/belfis.rs\/de\/wp-json\/wp\/v2\/media\/?parent=4795"}],"curies":[{"name":"wp","href":"https:\/\/api.w.org\/{rel}","templated":true}]}}