{"id":4770,"date":"2018-05-31T12:35:56","date_gmt":"2018-05-31T12:35:56","guid":{"rendered":"https:\/\/belfis.rs\/?page_id=4770"},"modified":"2018-05-31T12:36:58","modified_gmt":"2018-05-31T12:36:58","slug":"belfis-2017","status":"publish","type":"page","link":"https:\/\/belfis.rs\/de\/ueber-uns\/belfis-2017\/","title":{"rendered":"Belfis 2017"},"content":{"rendered":"<p>[et_pb_section bb_built=&#8220;1&#8243; _builder_version=&#8220;3.0.47&#8243;][et_pb_row _builder_version=&#8220;3.0.47&#8243; background_size=&#8220;initial&#8220; background_position=&#8220;top_left&#8220; background_repeat=&#8220;repeat&#8220;][et_pb_column type=&#8220;4_4&#8243;][et_pb_image src=&#8220;http:\/\/belfis.rs\/wp-content\/uploads\/2018\/05\/slider-Glavni-vizual.jpg&#8220; _builder_version=&#8220;3.0.93&#8243;]<br \/>\n[\/et_pb_image][et_pb_text _builder_version=&#8220;3.0.93&#8243; background_layout=&#8220;light&#8220;]<\/p>\n<p><strong>BELFIS 2017<\/strong><\/p>\n<p><strong>U SCHRITT DURCH DIE WELT-FITNESS-TRENDS<\/strong><\/p>\n<p>Die Messe ist ein Beweis daf\u00fcr, dass Serbien keine Kasinowelt hat und kann den Weltfitnessmessen entgegenwirken, betonte Marija Sre\u0107kovi\u0107 Savi\u0107, Serbiens mehrfacher Champion in Sachen Fitness<\/p>\n<p>Die erste Messe f\u00fcr Erholung und Fitness BELFIS 2017, die vom 15. bis 17. September 2017 im Belekspo Center in Belgrad stattfand, versammelte mehr als f\u00fcnftausend Besucher aus Serbien und der Region und mehr als 50 Aussteller aus dem Land und Europa.<\/p>\n<p>Die Organisation der Vereinigung f\u00fcr Erholung und Fitness in Serbien und unter der Schirmherrschaft des Ministeriums f\u00fcr Jugend und Sport hat mehr als zweitausend Quadratmeter Ausstellungsfl\u00e4che unter den repr\u00e4sentativsten Vertretern der Unternehmen und Klubs aus der Welt der Fitness gesammelt. W\u00e4hrend der drei Tage von BELFIS hatten die Besucher die M\u00f6glichkeit, sich mit Fitnessger\u00e4ten, Ger\u00e4ten, Ausr\u00fcstung, Erg\u00e4nzungen, sowie Clubs mit \u00e4hnlichen Profilen, verschiedenen Fitness- und Freizeitprogrammen, Bildungseinrichtungen und verwandten ausl\u00e4ndischen Organisationen vertraut zu machen.<br \/>\nNeben der Ausstellung von Arbeiten, bei denen sie die neueste Vers\u00f6hnung renommierter Hersteller pr\u00e4sentiert Precor, Tehnogym, Cybex, Matrix, DHZ in den Bereichen Ausbildung Teilnehmer konnten die Gruppenfitnessprogramme auszuprobieren wie LesMills Programme, Tanz, Step, zumba ..<\/p>\n<p>F\u00fcr Adrenalin-Fans in der Zone f\u00fcr funktionelles Training wurden hochintensive Programme vorgestellt, w\u00e4hrend die speziell entwickelte Body &amp; Mind-Zone auf kleinere Programme wie Pilates in der Schwangerschaft, Baby-Abstinenz f\u00fcr Babys und Babys, Yoga ausgerichtet war.<br \/>\nTeilnehmer von Workshops und Vorlesungen von Professoren der Fakult\u00e4t f\u00fcr Sport und Sport und Dozenten aus dem Ausland konnten mehr \u00fcber die gesundheitlichen Aspekte von Fitness und Erholung, neue Trends und Tendenzen in diesem Bereich des Sports, Pr\u00e4vention erfahren &#8230;<\/p>\n<p>In einer speziellen Kinderzone wurden junge Menschen versammelt, die neben Trainern von Sportschulen mit ihren Animationen und Unterhaltungen Sportpl\u00e4tze \u00fcberquerten, aber auch tanzten, sangen und an verschiedenen Sportspielen und Wettk\u00e4mpfen teilnahmen.<\/p>\n<p>Der erste Tag der BELFIS-Messe war Clubs und Unternehmen gewidmet, die sich direkt und direkt mit Fitness besch\u00e4ftigten, w\u00e4hrend gleichzeitig Holidej In den VII European Fitness Congress veranstaltete, w\u00e4hrend die restlichen zwei Tage allen B\u00fcrgern gewidmet waren.<\/p>\n<p>&#8211; Belfis als erste und gr\u00f6\u00dfte regionale Messe f\u00fcr Freizeit und Fitness ist ein sehr wichtiges Ereignis nicht nur f\u00fcr Belgrad, sondern auch f\u00fcr Serbien, denn es zielt darauf ab, gesundes Leben zu f\u00f6rdern &#8211; sagte Andreja Mladenovic, stellvertretender B\u00fcrgermeister von Belgrad, die Messe er\u00f6ffnen.<\/p>\n<p>Die Bedeutung der Messe dieser Art betont und ehemalige Basketballspieler Milica Dabovi\u0107, die betonte, dass BELFIS wichtig f\u00fcr beiden Clubmitglieder und f\u00fcr Eltern, die Erholung brauchen, um zielen von einem fr\u00fchen Alter f\u00fcr ihre Kinder zu sorgen.<br \/>\nMarija Sre\u0107kovi\u0107 Savi\u0107, Serbiens mehrfache Fitness-Weltmeisterin und auch Fitness-Trainerin, trat der Messe bei, die ein wachsendes Bewusstsein f\u00fcr gesundes Leben und Erholung f\u00f6rdert und verbreitet.<\/p>\n<p>&#8211; Belfis ist der Beweis daf\u00fcr, dass Serbien nicht hinter der Welt und dass diese Messe kann Fitness-Welt Messen passen &#8211; sagte Savic Sreckovic und insbesondere darauf hingewiesen, dass die stolz auf seine j\u00fcngsten Mitglieder des Fitness-Clubs auf der Messe zeigen, was sie wissen.<br \/>\nZusammen mit dem gekauften Ticket erhielten alle Besucher einen einmonatigen Mitgliedsbeitrag f\u00fcr einen Fitnessclub in der N\u00e4he der Adresse, an der sie in oder in der N\u00e4he des Arbeitsplatzes wohnen. Der Organisator der Messe &#8211; der Verband f\u00fcr Erholung und Fitness in Serbien &#8211; wollte so eine gro\u00dfe Anzahl von B\u00fcrgern dazu ermutigen, sich k\u00f6rperlich zu bet\u00e4tigen.<\/p>\n<p>Das erste BELFIS hat eine gro\u00dfe Anzahl von Besuchern, Moderatoren und Praktikern versammelt und angek\u00fcndigt, dass diese Manifestationen in den kommenden Jahren zu einer der gr\u00f6\u00dften Veranstaltungen dieser Art in der Region werden werden.<\/p>\n<p>[\/et_pb_text][\/et_pb_column][\/et_pb_row][\/et_pb_section][et_pb_section bb_built=&#8220;1&#8243; background_color=&#8220;#f36f21&#8243; _builder_version=&#8220;3.0.93&#8243; custom_padding=&#8220;||0px|&#8220;][et_pb_row _builder_version=&#8220;3.0.93&#8243; custom_padding=&#8220;||0px|&#8220; custom_margin=&#8220;||0px|&#8220;][et_pb_column type=&#8220;4_4&#8243;][et_pb_gallery gallery_ids=&#8220;4579,4580,4581,4582,4583,4584,4585,4586,4587,4588,4589,4590&#8243; gallery_captions=&#8220;,,,,,,,,,,,&#8220; posts_number=&#8220;12&#8243; show_title_and_caption=&#8220;off&#8220; show_pagination=&#8220;off&#8220; _builder_version=&#8220;3.0.93&#8243;]<br \/>\n[\/et_pb_gallery][\/et_pb_column][\/et_pb_row][\/et_pb_section][et_pb_section bb_built=&#8220;1&#8243; _builder_version=&#8220;3.0.93&#8243;][et_pb_row _builder_version=&#8220;3.0.93&#8243;][et_pb_column type=&#8220;4_4&#8243;][et_pb_button button_url=&#8220;\/de\/&#8220; button_text=&#8220;Schau dir die diesj\u00e4hrige Veranstaltung an&#8220; _builder_version=&#8220;3.0.93&#8243; button_alignment=&#8220;center&#8220; url_new_window=&#8220;off&#8220; background_layout=&#8220;light&#8220; custom_button=&#8220;off&#8220; button_icon_placement=&#8220;right&#8220;]<br \/>\n[\/et_pb_button][\/et_pb_column][\/et_pb_row][\/et_pb_section]<\/p>\n","protected":false},"excerpt":{"rendered":"<p>[et_pb_section bb_built=&#8220;1&#8243; _builder_version=&#8220;3.0.47&#8243;][et_pb_row _builder_version=&#8220;3.0.47&#8243; background_size=&#8220;initial&#8220; background_position=&#8220;top_left&#8220; background_repeat=&#8220;repeat&#8220;][et_pb_column type=&#8220;4_4&#8243;][et_pb_image src=&#8220;http:\/\/belfis.rs\/wp-content\/uploads\/2018\/05\/slider-Glavni-vizual.jpg&#8220; _builder_version=&#8220;3.0.93&#8243;] [\/et_pb_image][et_pb_text _builder_version=&#8220;3.0.93&#8243; background_layout=&#8220;light&#8220;] BELFIS 2017 U SCHRITT DURCH DIE WELT-FITNESS-TRENDS Die Messe ist ein Beweis daf\u00fcr, dass Serbien keine Kasinowelt hat und kann den Weltfitnessmessen entgegenwirken, betonte Marija Sre\u0107kovi\u0107 Savi\u0107, Serbiens mehrfacher Champion in Sachen Fitness Die erste Messe f\u00fcr Erholung und Fitness BELFIS 2017, [&hellip;]<\/p>\n","protected":false},"author":1,"featured_media":0,"parent":4764,"menu_order":0,"comment_status":"closed","ping_status":"closed","template":"","meta":[],"yoast_head":"<!-- This site is optimized with the Yoast SEO plugin v19.8 - https:\/\/yoast.com\/wordpress\/plugins\/seo\/ -->\n<title>Belfis 2017 - Belfis 2024<\/title>\n<meta name=\"description\" content=\"BELFIS 2019 - Najvec\u0301i regionalni sajam fitnesa, velnesa i zdravlje \u2013 petak, subota, nedelja \u2013 4, 5, 6. oktobar 2019. godine \u2013 hala 3 Beogradskog sajma\" \/>\n<meta name=\"robots\" content=\"index, follow, max-snippet:-1, max-image-preview:large, max-video-preview:-1\" \/>\n<link rel=\"canonical\" href=\"https:\/\/belfis.rs\/de\/ueber-uns\/belfis-2017\/\" \/>\n<meta property=\"og:locale\" content=\"en_US\" \/>\n<meta property=\"og:type\" content=\"article\" \/>\n<meta property=\"og:title\" content=\"Belfis 2017 - Belfis 2024\" \/>\n<meta property=\"og:description\" content=\"BELFIS 2019 - Najvec\u0301i regionalni sajam fitnesa, velnesa i zdravlje \u2013 petak, subota, nedelja \u2013 4, 5, 6. oktobar 2019. godine \u2013 hala 3 Beogradskog sajma\" \/>\n<meta property=\"og:url\" content=\"https:\/\/belfis.rs\/de\/ueber-uns\/belfis-2017\/\" \/>\n<meta property=\"og:site_name\" content=\"Belfis 2024\" \/>\n<meta property=\"article:publisher\" content=\"https:\/\/www.facebook.com\/belfis2017\" \/>\n<meta property=\"article:modified_time\" content=\"2018-05-31T12:36:58+00:00\" \/>\n<meta name=\"twitter:card\" content=\"summary_large_image\" \/>\n<meta name=\"twitter:label1\" content=\"Gesch\u00e4tzte Lesezeit\" \/>\n\t<meta name=\"twitter:data1\" content=\"4 Minuten\" \/>\n<script type=\"application\/ld+json\" class=\"yoast-schema-graph\">{\"@context\":\"https:\/\/schema.org\",\"@graph\":[{\"@type\":\"WebPage\",\"@id\":\"https:\/\/belfis.rs\/de\/ueber-uns\/belfis-2017\/\",\"url\":\"https:\/\/belfis.rs\/de\/ueber-uns\/belfis-2017\/\",\"name\":\"Belfis 2017 - Belfis 2024\",\"isPartOf\":{\"@id\":\"https:\/\/belfis.rs\/#website\"},\"datePublished\":\"2018-05-31T12:35:56+00:00\",\"dateModified\":\"2018-05-31T12:36:58+00:00\",\"description\":\"BELFIS 2019 - Najvec\u0301i regionalni sajam fitnesa, velnesa i zdravlje \u2013 petak, subota, nedelja \u2013 4, 5, 6. oktobar 2019. godine \u2013 hala 3 Beogradskog sajma\",\"breadcrumb\":{\"@id\":\"https:\/\/belfis.rs\/de\/ueber-uns\/belfis-2017\/#breadcrumb\"},\"inLanguage\":\"de-DE\",\"potentialAction\":[{\"@type\":\"ReadAction\",\"target\":[\"https:\/\/belfis.rs\/de\/ueber-uns\/belfis-2017\/\"]}]},{\"@type\":\"BreadcrumbList\",\"@id\":\"https:\/\/belfis.rs\/de\/ueber-uns\/belfis-2017\/#breadcrumb\",\"itemListElement\":[{\"@type\":\"ListItem\",\"position\":1,\"name\":\"Home\",\"item\":\"https:\/\/belfis.rs\/de\/\"},{\"@type\":\"ListItem\",\"position\":2,\"name\":\"\u00dcber uns\",\"item\":\"https:\/\/belfis.rs\/de\/ueber-uns\/\"},{\"@type\":\"ListItem\",\"position\":3,\"name\":\"Belfis 2017\"}]},{\"@type\":\"WebSite\",\"@id\":\"https:\/\/belfis.rs\/#website\",\"url\":\"https:\/\/belfis.rs\/\",\"name\":\"Belfis 2024\",\"description\":\"Fitness Congress\",\"potentialAction\":[{\"@type\":\"SearchAction\",\"target\":{\"@type\":\"EntryPoint\",\"urlTemplate\":\"https:\/\/belfis.rs\/?s={search_term_string}\"},\"query-input\":\"required name=search_term_string\"}],\"inLanguage\":\"de-DE\"}]}<\/script>\n<!-- \/ Yoast SEO plugin. -->","yoast_head_json":{"title":"Belfis 2017 - Belfis 2024","description":"BELFIS 2019 - Najvec\u0301i regionalni sajam fitnesa, velnesa i zdravlje \u2013 petak, subota, nedelja \u2013 4, 5, 6. oktobar 2019. godine \u2013 hala 3 Beogradskog sajma","robots":{"index":"index","follow":"follow","max-snippet":"max-snippet:-1","max-image-preview":"max-image-preview:large","max-video-preview":"max-video-preview:-1"},"canonical":"https:\/\/belfis.rs\/de\/ueber-uns\/belfis-2017\/","og_locale":"en_US","og_type":"article","og_title":"Belfis 2017 - Belfis 2024","og_description":"BELFIS 2019 - Najvec\u0301i regionalni sajam fitnesa, velnesa i zdravlje \u2013 petak, subota, nedelja \u2013 4, 5, 6. oktobar 2019. godine \u2013 hala 3 Beogradskog sajma","og_url":"https:\/\/belfis.rs\/de\/ueber-uns\/belfis-2017\/","og_site_name":"Belfis 2024","article_publisher":"https:\/\/www.facebook.com\/belfis2017","article_modified_time":"2018-05-31T12:36:58+00:00","twitter_card":"summary_large_image","twitter_misc":{"Gesch\u00e4tzte Lesezeit":"4 Minuten"},"schema":{"@context":"https:\/\/schema.org","@graph":[{"@type":"WebPage","@id":"https:\/\/belfis.rs\/de\/ueber-uns\/belfis-2017\/","url":"https:\/\/belfis.rs\/de\/ueber-uns\/belfis-2017\/","name":"Belfis 2017 - Belfis 2024","isPartOf":{"@id":"https:\/\/belfis.rs\/#website"},"datePublished":"2018-05-31T12:35:56+00:00","dateModified":"2018-05-31T12:36:58+00:00","description":"BELFIS 2019 - Najvec\u0301i regionalni sajam fitnesa, velnesa i zdravlje \u2013 petak, subota, nedelja \u2013 4, 5, 6. oktobar 2019. godine \u2013 hala 3 Beogradskog sajma","breadcrumb":{"@id":"https:\/\/belfis.rs\/de\/ueber-uns\/belfis-2017\/#breadcrumb"},"inLanguage":"de-DE","potentialAction":[{"@type":"ReadAction","target":["https:\/\/belfis.rs\/de\/ueber-uns\/belfis-2017\/"]}]},{"@type":"BreadcrumbList","@id":"https:\/\/belfis.rs\/de\/ueber-uns\/belfis-2017\/#breadcrumb","itemListElement":[{"@type":"ListItem","position":1,"name":"Home","item":"https:\/\/belfis.rs\/de\/"},{"@type":"ListItem","position":2,"name":"\u00dcber uns","item":"https:\/\/belfis.rs\/de\/ueber-uns\/"},{"@type":"ListItem","position":3,"name":"Belfis 2017"}]},{"@type":"WebSite","@id":"https:\/\/belfis.rs\/#website","url":"https:\/\/belfis.rs\/","name":"Belfis 2024","description":"Fitness Congress","potentialAction":[{"@type":"SearchAction","target":{"@type":"EntryPoint","urlTemplate":"https:\/\/belfis.rs\/?s={search_term_string}"},"query-input":"required name=search_term_string"}],"inLanguage":"de-DE"}]}},"_links":{"self":[{"href":"https:\/\/belfis.rs\/de\/wp-json\/wp\/v2\/pages\/4770\/"}],"collection":[{"href":"https:\/\/belfis.rs\/de\/wp-json\/wp\/v2\/pages\/"}],"about":[{"href":"https:\/\/belfis.rs\/de\/wp-json\/wp\/v2\/types\/page\/"}],"author":[{"embeddable":true,"href":"https:\/\/belfis.rs\/de\/wp-json\/wp\/v2\/users\/1\/"}],"replies":[{"embeddable":true,"href":"https:\/\/belfis.rs\/de\/wp-json\/wp\/v2\/comments\/?post=4770"}],"version-history":[{"count":4,"href":"https:\/\/belfis.rs\/de\/wp-json\/wp\/v2\/pages\/4770\/revisions\/"}],"predecessor-version":[{"id":4774,"href":"https:\/\/belfis.rs\/de\/wp-json\/wp\/v2\/pages\/4770\/revisions\/4774\/"}],"up":[{"embeddable":true,"href":"https:\/\/belfis.rs\/de\/wp-json\/wp\/v2\/pages\/4764\/"}],"wp:attachment":[{"href":"https:\/\/belfis.rs\/de\/wp-json\/wp\/v2\/media\/?parent=4770"}],"curies":[{"name":"wp","href":"https:\/\/api.w.org\/{rel}","templated":true}]}}